{"id":1407,"date":"2024-08-27T13:41:36","date_gmt":"2024-08-27T18:41:36","guid":{"rendered":"https:\/\/www.yay-colombia.com\/?page_id=1407"},"modified":"2025-03-13T15:57:38","modified_gmt":"2025-03-13T20:57:38","slug":"sustainability","status":"publish","type":"page","link":"https:\/\/www.yay-colombia.com\/es\/sustainability\/","title":{"rendered":"Sostenibilidad"},"content":{"rendered":"<div data-elementor-type=\"wp-page\" data-elementor-id=\"1407\" class=\"elementor elementor-1407\">\n\t\t\t\t<div class=\"elementor-element elementor-element-7abac14 e-flex e-con-boxed e-con e-parent\" data-id=\"7abac14\" data-element_type=\"container\" data-settings=\"{&quot;background_background&quot;:&quot;classic&quot;}\">\n\t\t\t\t\t<div class=\"e-con-inner\">\n\t\t\t\t\t<\/div>\n\t\t\t\t<\/div>\n\t\t<div class=\"elementor-element elementor-element-690dbc0 e-con-full e-flex e-con e-parent\" data-id=\"690dbc0\" data-element_type=\"container\">\n\t\t\t\t<div class=\"elementor-element elementor-element-7997a7d elementor--h-position-center elementor--v-position-middle elementor-arrows-position-inside elementor-widget elementor-widget-slides\" data-id=\"7997a7d\" data-element_type=\"widget\" data-settings=\"{&quot;navigation&quot;:&quot;arrows&quot;,&quot;autoplay&quot;:&quot;yes&quot;,&quot;pause_on_interaction&quot;:&quot;yes&quot;,&quot;autoplay_speed&quot;:5000,&quot;infinite&quot;:&quot;yes&quot;,&quot;transition&quot;:&quot;slide&quot;,&quot;transition_speed&quot;:500}\" data-widget_type=\"slides.default\">\n\t\t\t\t<div class=\"elementor-widget-container\">\n\t\t\t\t\t<div class=\"elementor-swiper\">\n\t\t\t<div class=\"elementor-slides-wrapper elementor-main-swiper swiper\" dir=\"ltr\" data-animation=\"fadeInUp\">\n\t\t\t\t<div class=\"swiper-wrapper elementor-slides\">\n\t\t\t\t\t\t\t\t\t\t<div class=\"elementor-repeater-item-fbaa306 swiper-slide\"><div class=\"swiper-slide-bg\"><\/div><div class=\"swiper-slide-inner\" ><div class=\"swiper-slide-contents\"><\/div><\/div><\/div><div class=\"elementor-repeater-item-4ca9e0a swiper-slide\"><div class=\"swiper-slide-bg\"><\/div><div class=\"swiper-slide-inner\" ><div class=\"swiper-slide-contents\"><\/div><\/div><\/div><div class=\"elementor-repeater-item-2be3ecd swiper-slide\"><div class=\"swiper-slide-bg\"><\/div><div class=\"swiper-slide-inner\" ><div class=\"swiper-slide-contents\"><\/div><\/div><\/div>\t\t\t\t<\/div>\n\t\t\t\t\t\t\t\t\t\t\t\t\t\t\t\t\t\t\t\t<div class=\"elementor-swiper-button elementor-swiper-button-prev\">\n\t\t\t\t\t\t\t<svg aria-hidden=\"true\" class=\"e-font-icon-svg e-eicon-chevron-left\" viewbox=\"0 0 1000 1000\" xmlns=\"http:\/\/www.w3.org\/2000\/svg\"><path d=\"M646 125C629 125 613 133 604 142L308 442C296 454 292 471 292 487 292 504 296 521 308 533L604 854C617 867 629 875 646 875 663 875 679 871 692 858 704 846 713 829 713 812 713 796 708 779 692 767L438 487 692 225C700 217 708 204 708 187 708 171 704 154 692 142 675 129 663 125 646 125Z\"><\/path><\/svg>\t\t\t\t\t\t\t<span class=\"elementor-screen-only\">Anterior<\/span>\n\t\t\t\t\t\t<\/div>\n\t\t\t\t\t\t<div class=\"elementor-swiper-button elementor-swiper-button-next\">\n\t\t\t\t\t\t\t<svg aria-hidden=\"true\" class=\"e-font-icon-svg e-eicon-chevron-right\" viewbox=\"0 0 1000 1000\" xmlns=\"http:\/\/www.w3.org\/2000\/svg\"><path d=\"M696 533C708 521 713 504 713 487 713 471 708 454 696 446L400 146C388 133 375 125 354 125 338 125 325 129 313 142 300 154 292 171 292 187 292 204 296 221 308 233L563 492 304 771C292 783 288 800 288 817 288 833 296 850 308 863 321 871 338 875 354 875 371 875 388 867 400 854L696 533Z\"><\/path><\/svg>\t\t\t\t\t\t\t<span class=\"elementor-screen-only\">Siguiente<\/span>\n\t\t\t\t\t\t<\/div>\n\t\t\t\t\t\t\t\t\t\t\t\t<\/div>\n\t\t<\/div>\n\t\t\t\t<\/div>\n\t\t\t\t<\/div>\n\t\t\t\t<\/div>\n\t\t<div class=\"elementor-element elementor-element-0a4b91f e-flex e-con-boxed e-con e-parent\" data-id=\"0a4b91f\" data-element_type=\"container\" data-settings=\"{&quot;background_background&quot;:&quot;classic&quot;}\">\n\t\t\t\t\t<div class=\"e-con-inner\">\n\t\t<div class=\"elementor-element elementor-element-1ab8d72 e-grid e-con-full e-con e-child\" data-id=\"1ab8d72\" data-element_type=\"container\" data-settings=\"{&quot;background_background&quot;:&quot;classic&quot;}\">\n\t\t<div class=\"elementor-element elementor-element-d5cae58 e-con-full e-flex e-con e-child\" data-id=\"d5cae58\" data-element_type=\"container\">\n\t\t\t\t<div class=\"elementor-element elementor-element-510b573 animated-slow elementor-invisible elementor-widget elementor-widget-heading\" data-id=\"510b573\" data-element_type=\"widget\" data-settings=\"{&quot;_animation&quot;:&quot;fadeIn&quot;}\" data-widget_type=\"heading.default\">\n\t\t\t\t<div class=\"elementor-widget-container\">\n\t\t\t<h2 class=\"elementor-heading-title elementor-size-default\">Sostenibilidad<\/h2>\t\t<\/div>\n\t\t\t\t<\/div>\n\t\t\t\t<div class=\"elementor-element elementor-element-4a20c39 elementor-widget elementor-widget-image\" data-id=\"4a20c39\" data-element_type=\"widget\" data-widget_type=\"image.default\">\n\t\t\t\t<div class=\"elementor-widget-container\">\n\t\t\t\t\t\t\t\t\t\t\t\t\t<img fetchpriority=\"high\" decoding=\"async\" width=\"2062\" height=\"554\" src=\"https:\/\/www.yay-colombia.com\/wp-content\/uploads\/2024\/08\/2-Rama-Acomodacion.png\" class=\"attachment-full size-full wp-image-208\" alt=\"\" srcset=\"https:\/\/www.yay-colombia.com\/wp-content\/uploads\/2024\/08\/2-Rama-Acomodacion.png 2062w, https:\/\/www.yay-colombia.com\/wp-content\/uploads\/2024\/08\/2-Rama-Acomodacion-300x81.png 300w, https:\/\/www.yay-colombia.com\/wp-content\/uploads\/2024\/08\/2-Rama-Acomodacion-1024x275.png 1024w, https:\/\/www.yay-colombia.com\/wp-content\/uploads\/2024\/08\/2-Rama-Acomodacion-768x206.png 768w, https:\/\/www.yay-colombia.com\/wp-content\/uploads\/2024\/08\/2-Rama-Acomodacion-1536x413.png 1536w, https:\/\/www.yay-colombia.com\/wp-content\/uploads\/2024\/08\/2-Rama-Acomodacion-2048x550.png 2048w\" sizes=\"(max-width: 2062px) 100vw, 2062px\" \/>\t\t\t\t\t\t\t\t\t\t\t\t\t<\/div>\n\t\t\t\t<\/div>\n\t\t\t\t<div class=\"elementor-element elementor-element-799334a elementor-widget elementor-widget-text-editor\" data-id=\"799334a\" data-element_type=\"widget\" data-widget_type=\"text-editor.default\">\n\t\t\t\t<div class=\"elementor-widget-container\">\n\t\t\t\t\t\t\t<p style=\"text-align: center;\">Cada detalle que se encuentra aqu\u00ed encuentras ha sido parte de a\u00f1os de investigaci\u00f3n, planificaci\u00f3n y trabajo para demostrar que ser autosostenible; \u00a1Cultivar sus propios alimentos, medicinas y materiales de construcci\u00f3n es completamente posible y tambi\u00e9n divertido y muy gratificante!<\/p><p style=\"text-align: center;\">Para nosotros, la sostenibilidad representa satisfacer nuestras propias necesidades sin comprometer la capacidad de las generaciones futuras para satisfacer las suyas. Adem\u00e1s de los recursos naturales, tambi\u00e9n necesitamos recursos sociales y econ\u00f3micos. La sostenibilidad no es s\u00f3lo ambientalismo.<\/p><p style=\"text-align: center;\">En la mayor\u00eda de las definiciones de sostenibilidad tambi\u00e9n encontramos preocupaciones por la equidad social y el desarrollo econ\u00f3mico.<\/p>\t\t\t\t\t\t<\/div>\n\t\t\t\t<\/div>\n\t\t\t\t<div class=\"elementor-element elementor-element-48b1031 elementor-widget__width-initial elementor-align-center elementor-widget elementor-widget-button\" data-id=\"48b1031\" data-element_type=\"widget\" data-widget_type=\"button.default\">\n\t\t\t\t<div class=\"elementor-widget-container\">\n\t\t\t\t\t\t\t<div class=\"elementor-button-wrapper\">\n\t\t\t\t\t<a class=\"elementor-button elementor-button-link elementor-size-sm\" href=\"https:\/\/engine.lobbypms.com\/yay-sustainable\" target=\"_blank\">\n\t\t\t\t\t\t<span class=\"elementor-button-content-wrapper\">\n\t\t\t\t\t\t<span class=\"elementor-button-icon\">\n\t\t\t\t<svg aria-hidden=\"true\" class=\"e-font-icon-svg e-far-calendar-alt\" viewbox=\"0 0 448 512\" xmlns=\"http:\/\/www.w3.org\/2000\/svg\"><path d=\"M148 288h-40c-6.6 0-12-5.4-12-12v-40c0-6.6 5.4-12 12-12h40c6.6 0 12 5.4 12 12v40c0 6.6-5.4 12-12 12zm108-12v-40c0-6.6-5.4-12-12-12h-40c-6.6 0-12 5.4-12 12v40c0 6.6 5.4 12 12 12h40c6.6 0 12-5.4 12-12zm96 0v-40c0-6.6-5.4-12-12-12h-40c-6.6 0-12 5.4-12 12v40c0 6.6 5.4 12 12 12h40c6.6 0 12-5.4 12-12zm-96 96v-40c0-6.6-5.4-12-12-12h-40c-6.6 0-12 5.4-12 12v40c0 6.6 5.4 12 12 12h40c6.6 0 12-5.4 12-12zm-96 0v-40c0-6.6-5.4-12-12-12h-40c-6.6 0-12 5.4-12 12v40c0 6.6 5.4 12 12 12h40c6.6 0 12-5.4 12-12zm192 0v-40c0-6.6-5.4-12-12-12h-40c-6.6 0-12 5.4-12 12v40c0 6.6 5.4 12 12 12h40c6.6 0 12-5.4 12-12zm96-260v352c0 26.5-21.5 48-48 48H48c-26.5 0-48-21.5-48-48V112c0-26.5 21.5-48 48-48h48V12c0-6.6 5.4-12 12-12h40c6.6 0 12 5.4 12 12v52h128V12c0-6.6 5.4-12 12-12h40c6.6 0 12 5.4 12 12v52h48c26.5 0 48 21.5 48 48zm-48 346V160H48v298c0 3.3 2.7 6 6 6h340c3.3 0 6-2.7 6-6z\"><\/path><\/svg>\t\t\t<\/span>\n\t\t\t\t\t\t\t\t\t<span class=\"elementor-button-text\">Reservar ahora<\/span>\n\t\t\t\t\t<\/span>\n\t\t\t\t\t<\/a>\n\t\t\t\t<\/div>\n\t\t\t\t\t\t<\/div>\n\t\t\t\t<\/div>\n\t\t\t\t<\/div>\n\t\t\t\t<\/div>\n\t\t\t\t\t<\/div>\n\t\t\t\t<\/div>\n\t\t\t\t<\/div>","protected":false},"excerpt":{"rendered":"<p>Previous Next Sustainability Every detail you find here has been part of years of researching, planning and work in order to demonstrate that being self-sustainable; growing your own food, medicine and building materials is completely possible and also enjoyable and highly rewarding! For us, sustainibility represents meeting our own needs without compromising the ability of [&hellip;]<\/p>","protected":false},"author":1,"featured_media":0,"parent":0,"menu_order":0,"comment_status":"closed","ping_status":"closed","template":"","meta":{"inline_featured_image":false,"footnotes":""},"class_list":["post-1407","page","type-page","status-publish","hentry"],"yoast_head":"<!-- This site is optimized with the Yoast SEO plugin v24.6 - https:\/\/yoast.com\/wordpress\/plugins\/seo\/ -->\n<title>Sustainability - Yay Colombia<\/title>\n<meta name=\"robots\" content=\"index, follow, max-snippet:-1, max-image-preview:large, max-video-preview:-1\" \/>\n<link rel=\"canonical\" href=\"https:\/\/www.yay-colombia.com\/es\/sustainability\/\" \/>\n<meta property=\"og:locale\" content=\"es_ES\" \/>\n<meta property=\"og:type\" content=\"article\" \/>\n<meta property=\"og:title\" content=\"Sustainability - Yay Colombia\" \/>\n<meta property=\"og:description\" content=\"Previous Next Sustainability Every detail you find here has been part of years of researching, planning and work in order to demonstrate that being self-sustainable; growing your own food, medicine and building materials is completely possible and also enjoyable and highly rewarding! For us, sustainibility represents meeting our own needs without compromising the ability of [&hellip;]\" \/>\n<meta property=\"og:url\" content=\"https:\/\/www.yay-colombia.com\/es\/sustainability\/\" \/>\n<meta property=\"og:site_name\" content=\"Yay Colombia\" \/>\n<meta property=\"article:modified_time\" content=\"2025-03-13T20:57:38+00:00\" \/>\n<meta property=\"og:image\" content=\"https:\/\/www.yay-colombia.com\/wp-content\/uploads\/2024\/08\/2-Rama-Acomodacion.png\" \/>\n\t<meta property=\"og:image:width\" content=\"2062\" \/>\n\t<meta property=\"og:image:height\" content=\"554\" \/>\n\t<meta property=\"og:image:type\" content=\"image\/png\" \/>\n<meta name=\"twitter:card\" content=\"summary_large_image\" \/>\n<script type=\"application\/ld+json\" class=\"yoast-schema-graph\">{\"@context\":\"https:\/\/schema.org\",\"@graph\":[{\"@type\":\"WebPage\",\"@id\":\"https:\/\/www.yay-colombia.com\/sustainability\/\",\"url\":\"https:\/\/www.yay-colombia.com\/sustainability\/\",\"name\":\"Sustainability - Yay Colombia\",\"isPartOf\":{\"@id\":\"https:\/\/www.yay-colombia.com\/#website\"},\"primaryImageOfPage\":{\"@id\":\"https:\/\/www.yay-colombia.com\/sustainability\/#primaryimage\"},\"image\":{\"@id\":\"https:\/\/www.yay-colombia.com\/sustainability\/#primaryimage\"},\"thumbnailUrl\":\"https:\/\/www.yay-colombia.com\/wp-content\/uploads\/2024\/08\/2-Rama-Acomodacion.png\",\"datePublished\":\"2024-08-27T18:41:36+00:00\",\"dateModified\":\"2025-03-13T20:57:38+00:00\",\"breadcrumb\":{\"@id\":\"https:\/\/www.yay-colombia.com\/sustainability\/#breadcrumb\"},\"inLanguage\":\"es-CO\",\"potentialAction\":[{\"@type\":\"ReadAction\",\"target\":[\"https:\/\/www.yay-colombia.com\/sustainability\/\"]}]},{\"@type\":\"ImageObject\",\"inLanguage\":\"es-CO\",\"@id\":\"https:\/\/www.yay-colombia.com\/sustainability\/#primaryimage\",\"url\":\"https:\/\/www.yay-colombia.com\/wp-content\/uploads\/2024\/08\/2-Rama-Acomodacion.png\",\"contentUrl\":\"https:\/\/www.yay-colombia.com\/wp-content\/uploads\/2024\/08\/2-Rama-Acomodacion.png\"},{\"@type\":\"BreadcrumbList\",\"@id\":\"https:\/\/www.yay-colombia.com\/sustainability\/#breadcrumb\",\"itemListElement\":[{\"@type\":\"ListItem\",\"position\":1,\"name\":\"Portada\",\"item\":\"https:\/\/www.yay-colombia.com\/\"},{\"@type\":\"ListItem\",\"position\":2,\"name\":\"Sustainability\"}]},{\"@type\":\"WebSite\",\"@id\":\"https:\/\/www.yay-colombia.com\/#website\",\"url\":\"https:\/\/www.yay-colombia.com\/\",\"name\":\"Yay Colombia\",\"description\":\"Hotel, retreat, restaurant, in between Tayrona and Lost City\",\"publisher\":{\"@id\":\"https:\/\/www.yay-colombia.com\/#organization\"},\"potentialAction\":[{\"@type\":\"SearchAction\",\"target\":{\"@type\":\"EntryPoint\",\"urlTemplate\":\"https:\/\/www.yay-colombia.com\/?s={search_term_string}\"},\"query-input\":{\"@type\":\"PropertyValueSpecification\",\"valueRequired\":true,\"valueName\":\"search_term_string\"}}],\"inLanguage\":\"es-CO\"},{\"@type\":\"Organization\",\"@id\":\"https:\/\/www.yay-colombia.com\/#organization\",\"name\":\"Yay Colombia\",\"url\":\"https:\/\/www.yay-colombia.com\/\",\"logo\":{\"@type\":\"ImageObject\",\"inLanguage\":\"es-CO\",\"@id\":\"https:\/\/www.yay-colombia.com\/#\/schema\/logo\/image\/\",\"url\":\"https:\/\/www.yay-colombia.com\/wp-content\/uploads\/2024\/08\/favicon.png\",\"contentUrl\":\"https:\/\/www.yay-colombia.com\/wp-content\/uploads\/2024\/08\/favicon.png\",\"width\":512,\"height\":512,\"caption\":\"Yay Colombia\"},\"image\":{\"@id\":\"https:\/\/www.yay-colombia.com\/#\/schema\/logo\/image\/\"}}]}<\/script>\n<!-- \/ Yoast SEO plugin. -->","yoast_head_json":{"title":"Sustainability - Yay Colombia","robots":{"index":"index","follow":"follow","max-snippet":"max-snippet:-1","max-image-preview":"max-image-preview:large","max-video-preview":"max-video-preview:-1"},"canonical":"https:\/\/www.yay-colombia.com\/es\/sustainability\/","og_locale":"es_ES","og_type":"article","og_title":"Sustainability - Yay Colombia","og_description":"Previous Next Sustainability Every detail you find here has been part of years of researching, planning and work in order to demonstrate that being self-sustainable; growing your own food, medicine and building materials is completely possible and also enjoyable and highly rewarding! For us, sustainibility represents meeting our own needs without compromising the ability of [&hellip;]","og_url":"https:\/\/www.yay-colombia.com\/es\/sustainability\/","og_site_name":"Yay Colombia","article_modified_time":"2025-03-13T20:57:38+00:00","og_image":[{"width":2062,"height":554,"url":"https:\/\/www.yay-colombia.com\/wp-content\/uploads\/2024\/08\/2-Rama-Acomodacion.png","type":"image\/png"}],"twitter_card":"summary_large_image","schema":{"@context":"https:\/\/schema.org","@graph":[{"@type":"WebPage","@id":"https:\/\/www.yay-colombia.com\/sustainability\/","url":"https:\/\/www.yay-colombia.com\/sustainability\/","name":"Sustainability - Yay Colombia","isPartOf":{"@id":"https:\/\/www.yay-colombia.com\/#website"},"primaryImageOfPage":{"@id":"https:\/\/www.yay-colombia.com\/sustainability\/#primaryimage"},"image":{"@id":"https:\/\/www.yay-colombia.com\/sustainability\/#primaryimage"},"thumbnailUrl":"https:\/\/www.yay-colombia.com\/wp-content\/uploads\/2024\/08\/2-Rama-Acomodacion.png","datePublished":"2024-08-27T18:41:36+00:00","dateModified":"2025-03-13T20:57:38+00:00","breadcrumb":{"@id":"https:\/\/www.yay-colombia.com\/sustainability\/#breadcrumb"},"inLanguage":"es-CO","potentialAction":[{"@type":"ReadAction","target":["https:\/\/www.yay-colombia.com\/sustainability\/"]}]},{"@type":"ImageObject","inLanguage":"es-CO","@id":"https:\/\/www.yay-colombia.com\/sustainability\/#primaryimage","url":"https:\/\/www.yay-colombia.com\/wp-content\/uploads\/2024\/08\/2-Rama-Acomodacion.png","contentUrl":"https:\/\/www.yay-colombia.com\/wp-content\/uploads\/2024\/08\/2-Rama-Acomodacion.png"},{"@type":"BreadcrumbList","@id":"https:\/\/www.yay-colombia.com\/sustainability\/#breadcrumb","itemListElement":[{"@type":"ListItem","position":1,"name":"Portada","item":"https:\/\/www.yay-colombia.com\/"},{"@type":"ListItem","position":2,"name":"Sustainability"}]},{"@type":"WebSite","@id":"https:\/\/www.yay-colombia.com\/#website","url":"https:\/\/www.yay-colombia.com\/","name":"Yay Colombia","description":"Hotel, retreat, restaurant, in between Tayrona and Lost City","publisher":{"@id":"https:\/\/www.yay-colombia.com\/#organization"},"potentialAction":[{"@type":"SearchAction","target":{"@type":"EntryPoint","urlTemplate":"https:\/\/www.yay-colombia.com\/?s={search_term_string}"},"query-input":{"@type":"PropertyValueSpecification","valueRequired":true,"valueName":"search_term_string"}}],"inLanguage":"es-CO"},{"@type":"Organization","@id":"https:\/\/www.yay-colombia.com\/#organization","name":"Yay Colombia","url":"https:\/\/www.yay-colombia.com\/","logo":{"@type":"ImageObject","inLanguage":"es-CO","@id":"https:\/\/www.yay-colombia.com\/#\/schema\/logo\/image\/","url":"https:\/\/www.yay-colombia.com\/wp-content\/uploads\/2024\/08\/favicon.png","contentUrl":"https:\/\/www.yay-colombia.com\/wp-content\/uploads\/2024\/08\/favicon.png","width":512,"height":512,"caption":"Yay Colombia"},"image":{"@id":"https:\/\/www.yay-colombia.com\/#\/schema\/logo\/image\/"}}]}},"_links":{"self":[{"href":"https:\/\/www.yay-colombia.com\/es\/wp-json\/wp\/v2\/pages\/1407","targetHints":{"allow":["GET"]}}],"collection":[{"href":"https:\/\/www.yay-colombia.com\/es\/wp-json\/wp\/v2\/pages"}],"about":[{"href":"https:\/\/www.yay-colombia.com\/es\/wp-json\/wp\/v2\/types\/page"}],"author":[{"embeddable":true,"href":"https:\/\/www.yay-colombia.com\/es\/wp-json\/wp\/v2\/users\/1"}],"replies":[{"embeddable":true,"href":"https:\/\/www.yay-colombia.com\/es\/wp-json\/wp\/v2\/comments?post=1407"}],"version-history":[{"count":70,"href":"https:\/\/www.yay-colombia.com\/es\/wp-json\/wp\/v2\/pages\/1407\/revisions"}],"predecessor-version":[{"id":3243,"href":"https:\/\/www.yay-colombia.com\/es\/wp-json\/wp\/v2\/pages\/1407\/revisions\/3243"}],"wp:attachment":[{"href":"https:\/\/www.yay-colombia.com\/es\/wp-json\/wp\/v2\/media?parent=1407"}],"curies":[{"name":"wp","href":"https:\/\/api.w.org\/{rel}","templated":true}]}}